{"id":10718,"date":"2020-07-13T15:59:09","date_gmt":"2020-07-13T15:59:09","guid":{"rendered":"https:\/\/ormuco.com\/?page_id=10718"},"modified":"2021-11-12T16:51:49","modified_gmt":"2021-11-12T16:51:49","slug":"about","status":"publish","type":"page","link":"https:\/\/appfeine.com\/fr\/about","title":{"rendered":"\u00c0 propos"},"content":{"rendered":"<div class=\"vc_row wpb_row vc_row-fluid\"><div class=\"wpb_column vc_column_container vc_col-sm-12\"><div class=\"vc_column-inner\"><div class=\"wpb_wrapper\"><div class=\"vc_empty_space\"   style=\"height: 50px\"><span class=\"vc_empty_space_inner\"><\/span><\/div>\n\t<div class=\"wpb_text_column wpb_content_element  vc_custom_1594666618372\" >\n\t\t<div class=\"wpb_wrapper\">\n\t\t\t<p style=\"text-align: center;\"><span style=\"font-weight: 400;\">\u00c0 propos<\/span><\/p>\n\n\t\t<\/div>\n\t<\/div>\n<div id=\"ultimate-heading-13969f2cb02dada2\" class=\"uvc-heading ult-adjust-bottom-margin ultimate-heading-13969f2cb02dada2 uvc-6648\" data-hspacer=\"no_spacer\"  data-halign=\"center\" style=\"text-align:center\"><div class=\"uvc-heading-spacer no_spacer\" style=\"top\"><\/div><div class=\"uvc-main-heading ult-responsive\"  data-ultimate-target='.uvc-heading.ultimate-heading-13969f2cb02dada2 h2'  data-responsive-json-new='{\"font-size\":\"desktop:36px;\",\"line-height\":\"desktop:40px;\"}' ><h2 style=\"font-family:&#039;Raleway&#039;;font-weight:700;color:#482093;margin-top:20px;margin-bottom:20px;\">Une exp\u00e9rience utilisateur pour des applications comme vous ne l'avez jamais vu.<\/h2><\/div><\/div><div class=\"ult-content-box-container\" >\t\t<div class=\"ult-content-box\" style=\"box-shadow: px px px px none;padding-top:0px;padding-right:20px;padding-bottom:0px;padding-left:20px;margin-top:0px;margin-right:20px;margin-bottom:0px;margin-left:20px;-webkit-transition: all 700ms ease;-moz-transition: all 700ms ease;-ms-transition: all 700ms ease;-o-transition: all 700ms ease;transition: all 700ms ease;\"  data-hover_box_shadow=\"none\"    data-normal_margins=\"margin-top:0px;margin-right:20px;margin-bottom:0px;margin-left:20px;\"  ><div id=\"ultimate-heading-177969f2cb02daeb2\" class=\"uvc-heading ult-adjust-bottom-margin ultimate-heading-177969f2cb02daeb2 uvc-8067\" data-hspacer=\"no_spacer\"  data-halign=\"center\" style=\"text-align:center\"><div class=\"uvc-heading-spacer no_spacer\" style=\"top\"><\/div><div class=\"uvc-sub-heading ult-responsive\"  data-ultimate-target='.uvc-heading.ultimate-heading-177969f2cb02daeb2 .uvc-sub-heading '  data-responsive-json-new='{\"font-size\":\"desktop:18px;\",\"line-height\":\"desktop:28px;\"}'  style=\"font-family:&#039;Raleway&#039;;font-weight:normal;font-style:normal;color:#111111;margin-top:0px;margin-bottom:0px;\"><\/p>\n<p style=\"text-align: center;\">Appfeine est un syst\u00e8me d'exploitation d\u00e9centralis\u00e9 qui ex\u00e9cute tout application en contournant le traitement des donn\u00e9es sur le syst\u00e8me d'exploitation des appareils et le calcul dans le cloud. Appfeine capte les entr\u00e9es des applications et les affiche sur les appareils des utilisateurs. Les applications exploitent des ressources informatiques dans les centres de donn\u00e9es et les tours de t\u00e9l\u00e9phonie cellulaire \u00e0 proximit\u00e9.<\/p>\n<p><\/div><\/div>\t\t<\/div><\/div><div class=\"vc_empty_space\"   style=\"height: 50px\"><span class=\"vc_empty_space_inner\"><\/span><\/div><\/div><\/div><\/div><\/div><!-- Row Backgrounds --><div class=\"upb_color\" data-bg-override=\"ex-full\" data-bg-color=\"#fcf9f4\" data-fadeout=\"\" data-fadeout-percentage=\"30\" data-parallax-content=\"\" data-parallax-content-sense=\"30\" data-row-effect-mobile-disable=\"true\" data-img-parallax-mobile-disable=\"true\" data-rtl=\"false\"  data-custom-vc-row=\"\"  data-vc=\"6.4.1\"  data-is_old_vc=\"\"  data-theme-support=\"\"   data-overlay=\"false\" data-overlay-color=\"\" data-overlay-pattern=\"\" data-overlay-pattern-opacity=\"\" data-overlay-pattern-size=\"\"    ><\/div><div class=\"vc_row wpb_row vc_row-fluid vc_custom_1594665163996 vc_row-has-fill\"><div class=\"wpb_column vc_column_container vc_col-sm-12 vc_col-has-fill\"><div class=\"vc_column-inner vc_custom_1594665381717\"><div class=\"wpb_wrapper\"><div class=\"vc_row wpb_row vc_inner vc_row-fluid vc_custom_1594665334046 vc_row-has-fill\"><div class=\"wpb_column vc_column_container vc_col-sm-3 vc_col-has-fill\"><div class=\"vc_column-inner vc_custom_1595278201561\"><div class=\"wpb_wrapper\"><div id=\"ultimate-heading-810469f2cb02db6a9\" class=\"uvc-heading ult-adjust-bottom-margin ultimate-heading-810469f2cb02db6a9 uvc-8712\" data-hspacer=\"no_spacer\"  data-halign=\"center\" style=\"text-align:center\"><div class=\"uvc-heading-spacer no_spacer\" style=\"top\"><\/div><div class=\"uvc-main-heading ult-responsive\"  data-ultimate-target='.uvc-heading.ultimate-heading-810469f2cb02db6a9 h2'  data-responsive-json-new='{\"font-size\":\"desktop:36px;\",\"line-height\":\"desktop:40px;\"}' ><h2 style=\"font-family:&#039;Raleway&#039;;font-weight:normal;font-style:normal;color:#482093;margin-top:10px;margin-bottom:10px;\">1 million+<\/h2><\/div><div class=\"uvc-sub-heading ult-responsive\"  data-ultimate-target='.uvc-heading.ultimate-heading-810469f2cb02db6a9 .uvc-sub-heading '  data-responsive-json-new='{\"font-size\":\"\",\"line-height\":\"\"}'  style=\"font-weight:normal;margin-top:10px;\">Lignes de code propri\u00e9taire<\/div><\/div><\/div><\/div><\/div><div class=\"wpb_column vc_column_container vc_col-sm-3 vc_col-has-fill\"><div class=\"vc_column-inner vc_custom_1595278125118\"><div class=\"wpb_wrapper\"><div id=\"ultimate-heading-63769f2cb02db803\" class=\"uvc-heading ult-adjust-bottom-margin ultimate-heading-63769f2cb02db803 uvc-7456\" data-hspacer=\"no_spacer\"  data-halign=\"center\" style=\"text-align:center\"><div class=\"uvc-heading-spacer no_spacer\" style=\"top\"><\/div><div class=\"uvc-main-heading ult-responsive\"  data-ultimate-target='.uvc-heading.ultimate-heading-63769f2cb02db803 h2'  data-responsive-json-new='{\"font-size\":\"desktop:36px;\",\"line-height\":\"desktop:40px;\"}' ><h2 style=\"font-family:&#039;Raleway&#039;;font-weight:normal;color:#482093;margin-top:10px;margin-bottom:10px;\">10 pays<\/h2><\/div><div class=\"uvc-sub-heading ult-responsive\"  data-ultimate-target='.uvc-heading.ultimate-heading-63769f2cb02db803 .uvc-sub-heading '  data-responsive-json-new='{\"font-size\":\"\",\"line-height\":\"\"}'  style=\"font-weight:normal;margin-top:10px;\">Avec des clients<\/div><\/div><\/div><\/div><\/div><div class=\"wpb_column vc_column_container vc_col-sm-3 vc_col-has-fill\"><div class=\"vc_column-inner vc_custom_1595278130385\"><div class=\"wpb_wrapper\"><div id=\"ultimate-heading-317269f2cb02db93c\" class=\"uvc-heading ult-adjust-bottom-margin ultimate-heading-317269f2cb02db93c uvc-3088\" data-hspacer=\"no_spacer\"  data-halign=\"center\" style=\"text-align:center\"><div class=\"uvc-heading-spacer no_spacer\" style=\"top\"><\/div><div class=\"uvc-main-heading ult-responsive\"  data-ultimate-target='.uvc-heading.ultimate-heading-317269f2cb02db93c h2'  data-responsive-json-new='{\"font-size\":\"desktop:36px;\",\"line-height\":\"desktop:40px;\"}' ><h2 style=\"font-family:&#039;Raleway&#039;;font-weight:normal;color:#482093;margin-top:10px;margin-bottom:10px;\">16 sites<\/h2><\/div><div class=\"uvc-sub-heading ult-responsive\"  data-ultimate-target='.uvc-heading.ultimate-heading-317269f2cb02db93c .uvc-sub-heading '  data-responsive-json-new='{\"font-size\":\"\",\"line-height\":\"\"}'  style=\"font-weight:normal;margin-top:10px;\">\u2026 et en croissance!<\/div><\/div><\/div><\/div><\/div><div class=\"wpb_column vc_column_container vc_col-sm-3 vc_col-has-fill\"><div class=\"vc_column-inner vc_custom_1595278135648\"><div class=\"wpb_wrapper\"><div id=\"ultimate-heading-261869f2cb02dba82\" class=\"uvc-heading ult-adjust-bottom-margin ultimate-heading-261869f2cb02dba82 uvc-8430\" data-hspacer=\"no_spacer\"  data-halign=\"center\" style=\"text-align:center\"><div class=\"uvc-heading-spacer no_spacer\" style=\"top\"><\/div><div class=\"uvc-main-heading ult-responsive\"  data-ultimate-target='.uvc-heading.ultimate-heading-261869f2cb02dba82 h2'  data-responsive-json-new='{\"font-size\":\"desktop:36px;\",\"line-height\":\"desktop:40px;\"}' ><h2 style=\"font-family:&#039;Raleway&#039;;font-weight:normal;color:#482093;margin-top:10px;margin-bottom:10px;\">40 employ\u00e9s<\/h2><\/div><div class=\"uvc-sub-heading ult-responsive\"  data-ultimate-target='.uvc-heading.ultimate-heading-261869f2cb02dba82 .uvc-sub-heading '  data-responsive-json-new='{\"font-size\":\"\",\"line-height\":\"\"}'  style=\"font-weight:normal;margin-top:10px;\">Si\u00e8ge social \u00e0 Montr\u00e9al<\/div><\/div><\/div><\/div><\/div><\/div><div class=\"vc_row wpb_row vc_inner vc_row-fluid vc_custom_1594665276778 vc_row-has-fill\"><div class=\"wpb_column vc_column_container vc_col-sm-1\"><div class=\"vc_column-inner\"><div class=\"wpb_wrapper\"><\/div><\/div><\/div><div class=\"wpb_column vc_column_container vc_col-sm-10\"><div class=\"vc_column-inner\"><div class=\"wpb_wrapper\">\n<div class=\"vc_grid-container-wrapper vc_clearfix\">\n\t<div class=\"vc_grid-container vc_clearfix wpb_content_element vc_media_grid vc_custom_1606281502939\" data-initial-loading-animation=\"none\" data-vc-grid-settings=\"{&quot;page_id&quot;:10718,&quot;style&quot;:&quot;all&quot;,&quot;action&quot;:&quot;vc_get_vc_grid_data&quot;,&quot;shortcode_id&quot;:&quot;1636735883082-95936c49-feab-1&quot;,&quot;tag&quot;:&quot;vc_media_grid&quot;}\" data-vc-request=\"https:\/\/appfeine.com\/wp-admin\/admin-ajax.php\" data-vc-post-id=\"10718\" data-vc-public-nonce=\"2568dec5e8\">\n\t\t\n\t<\/div>\n<\/div><\/div><\/div><\/div><div class=\"wpb_column vc_column_container vc_col-sm-1\"><div class=\"vc_column-inner\"><div class=\"wpb_wrapper\"><\/div><\/div><\/div><\/div><\/div><\/div><\/div><\/div><!-- Row Backgrounds --><div class=\"upb_color\" data-bg-override=\"ex-full\" data-bg-color=\"#ffffff\" data-fadeout=\"\" data-fadeout-percentage=\"30\" data-parallax-content=\"\" data-parallax-content-sense=\"30\" data-row-effect-mobile-disable=\"true\" data-img-parallax-mobile-disable=\"true\" data-rtl=\"false\"  data-custom-vc-row=\"\"  data-vc=\"6.4.1\"  data-is_old_vc=\"\"  data-theme-support=\"\"   data-overlay=\"false\" data-overlay-color=\"\" data-overlay-pattern=\"\" data-overlay-pattern-opacity=\"\" data-overlay-pattern-size=\"\"    ><\/div><div class=\"vc_row wpb_row vc_row-fluid vc_custom_1594663323017 vc_row-has-fill\"><div class=\"wpb_column vc_column_container vc_col-sm-12 vc_col-has-fill\"><div class=\"vc_column-inner vc_custom_1594673304806\"><div class=\"wpb_wrapper\"><div class=\"vc_separator wpb_content_element vc_separator_align_center vc_sep_width_100 vc_sep_pos_align_center vc_separator_no_text vc_sep_color_grey vc_custom_1582747202034  vc_custom_1582747202034\" ><span class=\"vc_sep_holder vc_sep_holder_l\"><span  class=\"vc_sep_line\"><\/span><\/span><span class=\"vc_sep_holder vc_sep_holder_r\"><span  class=\"vc_sep_line\"><\/span><\/span>\n<\/div><div class=\"vc_empty_space\"   style=\"height: 20px\"><span class=\"vc_empty_space_inner\"><\/span><\/div><\/div><\/div><\/div><\/div><!-- Row Backgrounds --><div class=\"upb_color\" data-bg-override=\"ex-full\" data-bg-color=\"#fcf9f4\" data-fadeout=\"\" data-fadeout-percentage=\"30\" data-parallax-content=\"\" data-parallax-content-sense=\"30\" data-row-effect-mobile-disable=\"true\" data-img-parallax-mobile-disable=\"true\" data-rtl=\"false\"  data-custom-vc-row=\"\"  data-vc=\"6.4.1\"  data-is_old_vc=\"\"  data-theme-support=\"\"   data-overlay=\"false\" data-overlay-color=\"\" data-overlay-pattern=\"\" data-overlay-pattern-opacity=\"\" data-overlay-pattern-size=\"\"    ><\/div><div class=\"vc_row wpb_row vc_row-fluid vc_custom_1594673688256 vc_row-has-fill\"><div class=\"wpb_column vc_column_container vc_col-sm-12 vc_col-has-fill\"><div class=\"vc_column-inner vc_custom_1594673300483\"><div class=\"wpb_wrapper\"><div class=\"vc_row wpb_row vc_inner vc_row-fluid vc_custom_1594673170434 vc_row-has-fill\"><div class=\"wpb_column vc_column_container vc_col-sm-4\"><div class=\"vc_column-inner\"><div class=\"wpb_wrapper\"><div class=\"ult-content-box-container\" >\t\t<div class=\"ult-content-box\" style=\"box-shadow: px px px px none;padding:10px;margin:10px;-webkit-transition: all 700ms ease;-moz-transition: all 700ms ease;-ms-transition: all 700ms ease;-o-transition: all 700ms ease;transition: all 700ms ease;\"  data-hover_box_shadow=\"none\"    data-normal_margins=\"margin:10px;\"  ><div id=\"ultimate-heading-449169f2cb02dc777\" class=\"uvc-heading ult-adjust-bottom-margin ultimate-heading-449169f2cb02dc777 uvc-7824\" data-hspacer=\"no_spacer\"  data-halign=\"left\" style=\"text-align:left\"><div class=\"uvc-heading-spacer no_spacer\" style=\"top\"><\/div><div class=\"uvc-main-heading ult-responsive\"  data-ultimate-target='.uvc-heading.ultimate-heading-449169f2cb02dc777 h2'  data-responsive-json-new='{\"font-size\":\"desktop:28px;\",\"line-height\":\"desktop:28px;\"}' ><h2 style=\"font-family:&#039;Raleway&#039;;font-weight:700;color:#111111;margin-top:20px;margin-bottom:30px;\">Nos valeurs<\/h2><\/div><\/div>\n<div class=\"vc_grid-container-wrapper vc_clearfix\">\n\t<div class=\"vc_grid-container vc_clearfix wpb_content_element vc_media_grid\" data-initial-loading-animation=\"fadeIn\" data-vc-grid-settings=\"{&quot;page_id&quot;:10718,&quot;style&quot;:&quot;all&quot;,&quot;action&quot;:&quot;vc_get_vc_grid_data&quot;,&quot;shortcode_id&quot;:&quot;1636735883093-18a7291b-e10a-6&quot;,&quot;tag&quot;:&quot;vc_media_grid&quot;}\" data-vc-request=\"https:\/\/appfeine.com\/wp-admin\/admin-ajax.php\" data-vc-post-id=\"10718\" data-vc-public-nonce=\"2568dec5e8\">\n\t\t\n\t<\/div>\n<\/div>\t\t<\/div><\/div><\/div><\/div><\/div><div class=\"wpb_column vc_column_container vc_col-sm-8 vc_col-has-fill\"><div class=\"vc_column-inner vc_custom_1594673695947\"><div class=\"wpb_wrapper\"><div class=\"ult-content-box-container\" >\t\t<div class=\"ult-content-box\" style=\"box-shadow: px px px px none;padding-top:10px;padding-right:10px;padding-left:10px;margin-top:10px;margin-right:10px;margin-left:10px;-webkit-transition: all 700ms ease;-moz-transition: all 700ms ease;-ms-transition: all 700ms ease;-o-transition: all 700ms ease;transition: all 700ms ease;\"  data-hover_box_shadow=\"none\"    data-normal_margins=\"margin-top:10px;margin-right:10px;margin-left:10px;\"  ><div class=\"vc_empty_space\"   style=\"height: 90px\"><span class=\"vc_empty_space_inner\"><\/span><\/div><div id=\"ultimate-heading-916169f2cb02dcac9\" class=\"uvc-heading ult-adjust-bottom-margin ultimate-heading-916169f2cb02dcac9 uvc-5596\" data-hspacer=\"no_spacer\"  data-halign=\"left\" style=\"text-align:left\"><div class=\"uvc-heading-spacer no_spacer\" style=\"top\"><\/div><div class=\"uvc-sub-heading ult-responsive\"  data-ultimate-target='.uvc-heading.ultimate-heading-916169f2cb02dcac9 .uvc-sub-heading '  data-responsive-json-new='{\"font-size\":\"desktop:16px;\",\"line-height\":\"desktop:26px;\"}'  style=\"font-family:&#039;Raleway&#039;;font-weight:normal;font-style:normal;color:#333333;margin-top:20px;margin-bottom:10px;\"><span style=\"color: #482093;\"><strong>Innovation. <\/strong><\/span>L'\u00e9quipe d'Appfeine n'a jamais peur de se poser la question \u00ab et si...? \u00bb quand on adresse des \u00e9carts de march\u00e9. Les employ\u00e9s sont encourag\u00e9s \u00e0 prendre des risques, m\u00eame s'ils ne r\u00e9ussissent pas, tant qu'il existe des plans de sauvegarde et des le\u00e7ons \u00e0 en tirer.<\/p>\n<p><span style=\"color: #482093;\"><strong>Initiative.<\/strong><\/span> Nous cr\u00e9ons de nouvelles id\u00e9es, prenons en charge les initiatives et d\u00e9veloppons avec un souci de simplicit\u00e9. Nous croyons en des solutions simples (et reproductibles) \u00e0 des probl\u00e8mes complexes.<\/p>\n<p><span style=\"color: #482093;\"><strong>Engagement.<\/strong><\/span> Apr\u00e8s l'id\u00e9ation, nous y allons \u00e0 fond. Un d\u00e9veloppeur Appfeine sait que pas tout le monde sera d'accord sur la marche \u00e0 suivre, mais il s'engage n\u00e9anmoins \u00e0 livrer des r\u00e9sultats aux clients.<\/p>\n<p><span style=\"color: #482093;\"><strong>Surperformance.<\/strong><\/span> Les grands objectifs s'accompagnent d'un travail acharn\u00e9. L'\u00e9quipe d'Appfeine doit \u00eatre plus productive et d\u00e9passer les attentes si nous voulons changer l'industrie informatique.<\/div><\/div>\t\t<\/div><\/div><\/div><\/div><\/div><\/div><div class=\"vc_empty_space\"   style=\"height: 20px\"><span class=\"vc_empty_space_inner\"><\/span><\/div><\/div><\/div><\/div><\/div><!-- Row Backgrounds --><div class=\"upb_color\" data-bg-override=\"ex-full\" data-bg-color=\"#fcf9f4\" data-fadeout=\"\" data-fadeout-percentage=\"30\" data-parallax-content=\"\" data-parallax-content-sense=\"30\" data-row-effect-mobile-disable=\"true\" data-img-parallax-mobile-disable=\"true\" data-rtl=\"false\"  data-custom-vc-row=\"\"  data-vc=\"6.4.1\"  data-is_old_vc=\"\"  data-theme-support=\"\"   data-overlay=\"false\" data-overlay-color=\"\" data-overlay-pattern=\"\" data-overlay-pattern-opacity=\"\" data-overlay-pattern-size=\"\"    ><\/div><div class=\"vc_row wpb_row vc_row-fluid vc_custom_1599554258909 vc_row-has-fill\"><div class=\"wpb_column vc_column_container vc_col-sm-12 vc_col-has-fill\"><div class=\"vc_column-inner vc_custom_1594673304806\"><div class=\"wpb_wrapper\"><div class=\"vc_empty_space\"   style=\"height: 82px\"><span class=\"vc_empty_space_inner\"><\/span><\/div><div class=\"vc_row wpb_row vc_inner vc_row-fluid\"><div class=\"wpb_column vc_column_container vc_col-sm-12\"><div class=\"vc_column-inner\"><div class=\"wpb_wrapper\"><div class=\"ubtn-ctn-center\"><a class=\"ubtn-link ult-adjust-bottom-margin ubtn-center ubtn-normal\" href=\"https:\/\/go.appfeine.com\/register-fr\" title=\"Appfeine Liste d&#039;attente\" target=\"_blank\" rel=\"noopener\" ><button type=\"button\" id=\"ubtn-7708\"  class=\"ubtn ult-adjust-bottom-margin ult-responsive ubtn-normal ubtn-no-hover-bg  none  ubtn-shd  ubtn-center  shd-bottom tooltip-69f2cb02dcf58\"  data-hover=\"\" data-border-color=\"#ffffff\" data-bg=\"#482093\" data-hover-bg=\"\" data-border-hover=\"#ffffff\" data-shadow-hover=\"0 4px #e5e5e5;\" data-shadow-click=\"none\" data-shadow=\"0 4px #e5e5e5;\" data-shd-shadow=\"4\"  data-ultimate-target='#ubtn-7708'  data-responsive-json-new='{\"font-size\":\"desktop:18px;\",\"line-height\":\"desktop:24px;\"}'  style=\"font-family:&#039;Raleway&#039;;font-weight:500;border-radius:5px;border-width:0.5px;border-color:#ffffff;border-style:solid;box-shadow: 0 4px #e5e5e5;background: #482093;color: #ffffff;\"><span class=\"ubtn-hover\" style=\"background-color:\"><\/span><span class=\"ubtn-data ubtn-text\" >ESSAYEZ APPFEINE GRATUITEMENT<\/span><\/button><\/a><\/div><\/div><\/div><\/div><\/div><div class=\"vc_empty_space\"   style=\"height: 10px\"><span class=\"vc_empty_space_inner\"><\/span><\/div><\/div><\/div><\/div><\/div><!-- Row Backgrounds --><div class=\"upb_bg_img\" data-ultimate-bg=\"url(https:\/\/ormuco.com\/wp-content\/uploads\/2020\/09\/login-background-1v2-1.png)\" data-image-id=\"id^12342|url^https:\/\/ormuco.com\/wp-content\/uploads\/2020\/09\/login-background-1v2-1.png|caption^null|alt^null|title^login-background-1v2|description^null\" data-ultimate-bg-style=\"vcpb-default\" data-bg-img-repeat=\"repeat\" data-bg-img-size=\"cover\" data-bg-img-position=\"\" data-parallx_sense=\"30\" data-bg-override=\"ex-full\" data-bg_img_attach=\"scroll\" data-upb-overlay-color=\"\" data-upb-bg-animation=\"\" data-fadeout=\"\" data-bg-animation=\"left-animation\" data-bg-animation-type=\"h\" data-animation-repeat=\"repeat\" data-fadeout-percentage=\"30\" data-parallax-content=\"\" data-parallax-content-sense=\"30\" data-row-effect-mobile-disable=\"true\" data-img-parallax-mobile-disable=\"true\" data-rtl=\"false\"  data-custom-vc-row=\"\"  data-vc=\"6.4.1\"  data-is_old_vc=\"\"  data-theme-support=\"\"   data-overlay=\"false\" data-overlay-color=\"\" data-overlay-pattern=\"\" data-overlay-pattern-opacity=\"\" data-overlay-pattern-size=\"\"    ><\/div>","protected":false},"excerpt":{"rendered":"About Us Applications and user experience like you\u2019ve never seen before. Appfeine is a decentralized operating system that runs any application by bypassing processing on end-user device operating systems and cloud computing. Appfeine captures the inputs of applications and displays them in end-user devices, and the applications run computing resources in nearby data centers and [...]","protected":false},"author":4,"featured_media":0,"parent":0,"menu_order":0,"comment_status":"closed","ping_status":"closed","template":"","meta":{"spay_email":""},"yoast_head":"<!-- This site is optimized with the Yoast SEO plugin v15.6.2 - https:\/\/yoast.com\/wordpress\/plugins\/seo\/ -->\n<title>About Appfeine - Use Less Devices and Get More Power<\/title>\n<meta name=\"description\" content=\"Appfeine is an edge computing platform for organizations and developers. Meet our leadership and read our corporate values.\" \/>\n<meta name=\"robots\" content=\"index, follow, max-snippet:-1, max-image-preview:large, max-video-preview:-1\" \/>\n<link rel=\"canonical\" href=\"https:\/\/appfeine.com\/fr\/about\/\" \/>\n<meta property=\"og:locale\" content=\"fr_CA\" \/>\n<meta property=\"og:type\" content=\"article\" \/>\n<meta property=\"og:title\" content=\"About Appfeine - Use Less Devices and Get More Power\" \/>\n<meta property=\"og:description\" content=\"Appfeine is an edge computing platform for organizations and developers. Meet our leadership and read our corporate values.\" \/>\n<meta property=\"og:url\" content=\"https:\/\/appfeine.com\/fr\/about\/\" \/>\n<meta property=\"og:site_name\" content=\"Appfeine\" \/>\n<meta property=\"article:publisher\" content=\"https:\/\/www.facebook.com\/Ormuco\/\" \/>\n<meta property=\"article:modified_time\" content=\"2021-11-12T16:51:49+00:00\" \/>\n<meta name=\"twitter:card\" content=\"summary_large_image\" \/>\n<meta name=\"twitter:site\" content=\"@Ormuco_Inc\" \/>\n<meta name=\"twitter:label1\" content=\"Est. reading time\">\n\t<meta name=\"twitter:data1\" content=\"3 minutes\">\n<script type=\"application\/ld+json\" class=\"yoast-schema-graph\">{\"@context\":\"https:\/\/schema.org\",\"@graph\":[{\"@type\":\"Organization\",\"@id\":\"https:\/\/appfeine.com\/#organization\",\"name\":\"Ormuco Inc\",\"url\":\"https:\/\/appfeine.com\/\",\"sameAs\":[\"https:\/\/www.facebook.com\/Ormuco\/\",\"https:\/\/www.linkedin.com\/company\/ormuco-inc-\/\",\"https:\/\/www.youtube.com\/channel\/UCbzzf28bWMg0zhOrq0fI_sQ\",\"https:\/\/twitter.com\/Ormuco_Inc\"],\"logo\":{\"@type\":\"ImageObject\",\"@id\":\"https:\/\/appfeine.com\/#logo\",\"inLanguage\":\"fr-CA\",\"url\":\"\",\"caption\":\"Ormuco Inc\"},\"image\":{\"@id\":\"https:\/\/appfeine.com\/#logo\"}},{\"@type\":\"WebSite\",\"@id\":\"https:\/\/appfeine.com\/#website\",\"url\":\"https:\/\/appfeine.com\/\",\"name\":\"Ormuco\",\"description\":\"Turn any device into a supercomputer\",\"publisher\":{\"@id\":\"https:\/\/appfeine.com\/#organization\"},\"potentialAction\":[{\"@type\":\"SearchAction\",\"target\":\"https:\/\/appfeine.com\/?s={search_term_string}\",\"query-input\":\"required name=search_term_string\"}],\"inLanguage\":\"fr-CA\"},{\"@type\":\"WebPage\",\"@id\":\"https:\/\/appfeine.com\/about\/#webpage\",\"url\":\"https:\/\/appfeine.com\/about\/\",\"name\":\"About Appfeine - Use Less Devices and Get More Power\",\"isPartOf\":{\"@id\":\"https:\/\/appfeine.com\/#website\"},\"datePublished\":\"2020-07-13T15:59:09+00:00\",\"dateModified\":\"2021-11-12T16:51:49+00:00\",\"description\":\"Appfeine is an edge computing platform for organizations and developers. Meet our leadership and read our corporate values.\",\"inLanguage\":\"fr-CA\",\"potentialAction\":[{\"@type\":\"ReadAction\",\"target\":[\"https:\/\/appfeine.com\/about\/\"]}]}]}<\/script>\n<!-- \/ Yoast SEO plugin. -->","jetpack_shortlink":"https:\/\/wp.me\/PcAvvK-2MS","_links":{"self":[{"href":"https:\/\/appfeine.com\/fr\/wp-json\/wp\/v2\/pages\/10718"}],"collection":[{"href":"https:\/\/appfeine.com\/fr\/wp-json\/wp\/v2\/pages"}],"about":[{"href":"https:\/\/appfeine.com\/fr\/wp-json\/wp\/v2\/types\/page"}],"author":[{"embeddable":true,"href":"https:\/\/appfeine.com\/fr\/wp-json\/wp\/v2\/users\/4"}],"replies":[{"embeddable":true,"href":"https:\/\/appfeine.com\/fr\/wp-json\/wp\/v2\/comments?post=10718"}],"version-history":[{"count":7,"href":"https:\/\/appfeine.com\/fr\/wp-json\/wp\/v2\/pages\/10718\/revisions"}],"predecessor-version":[{"id":13438,"href":"https:\/\/appfeine.com\/fr\/wp-json\/wp\/v2\/pages\/10718\/revisions\/13438"}],"wp:attachment":[{"href":"https:\/\/appfeine.com\/fr\/wp-json\/wp\/v2\/media?parent=10718"}],"curies":[{"name":"wp","href":"https:\/\/api.w.org\/{rel}","templated":true}]}}